{"id":24,"date":"2026-02-11T17:22:22","date_gmt":"2026-02-11T17:22:22","guid":{"rendered":"http:\/\/onlinecars-erman.com\/?page_id=24"},"modified":"2026-02-14T10:53:51","modified_gmt":"2026-02-14T10:53:51","slug":"home","status":"publish","type":"page","link":"https:\/\/onlinecars-erman.com\/en\/","title":{"rendered":"Home"},"content":{"rendered":"<div class=\"wp-block-uagb-container uagb-block-c60f32c0 alignfull uagb-is-root-container\"><div class=\"uagb-container-inner-blocks-wrap\">\n<div class=\"wp-block-uagb-container uagb-block-acb62579\">\n<div data-aos= \"fade-down\" data-aos-duration=\"400\" data-aos-delay=\"0\" data-aos-easing=\"ease\" data-aos-once=\"true\" class=\"wp-block-uagb-advanced-heading uagb-block-91f5287c\"><h1 class=\"uagb-heading-text\">ONLINE CARS<\/h1><\/div>\n\n\n\n<div data-aos= \"fade-down\" data-aos-duration=\"400\" data-aos-delay=\"0\" data-aos-easing=\"ease\" data-aos-once=\"true\" class=\"wp-block-uagb-advanced-heading uagb-block-fd7f2cb5\"><h4 class=\"uagb-heading-text\">BY ERMAN<\/h4><\/div>\n\n\n\n<div style=\"height:30px\" aria-hidden=\"true\" class=\"wp-block-spacer\"><\/div>\n\n\n\n<div data-aos= \"fade-down\" data-aos-duration=\"400\" data-aos-delay=\"0\" data-aos-easing=\"ease\" data-aos-once=\"true\" class=\"wp-block-uagb-advanced-heading uagb-block-ae8682a6\"><p class=\"uagb-heading-text\">Your reliable partner in Graz for high-quality used vehicles with verified quality and competitive prices.<\/p><\/div>\n\n\n\n<div data-aos= \"fade-down\" data-aos-duration=\"400\" data-aos-delay=\"0\" data-aos-easing=\"ease\" data-aos-once=\"true\" class=\"wp-block-uagb-advanced-heading uagb-block-4d83f468\"><p class=\"uagb-heading-text\">Looking to sell your vehicle? We manage the complete sales process \u2013 structured, reliable, and for <strong>only 5% commission<\/strong>.<\/p><\/div>\n\n\n\n<div style=\"height:80px\" aria-hidden=\"true\" class=\"wp-block-spacer uag-hide-mob\"><\/div>\n\n\n\n<div style=\"height:60px\" aria-hidden=\"true\" class=\"wp-block-spacer uag-hide-desktop uag-hide-tab\"><\/div>\n\n\n\n<div class=\"wp-block-uagb-buttons uagb-buttons__outer-wrap uagb-btn__default-btn uagb-btn-tablet__default-btn uagb-btn-mobile__default-btn uagb-block-7ebf4e9a\"><div class=\"uagb-buttons__wrap uagb-buttons-layout-wrap\">\n<div class=\"wp-block-uagb-buttons-child uagb-buttons__outer-wrap uagb-block-a907f62f wp-block-button\"><div class=\"uagb-button__wrapper\"><a class=\"uagb-buttons-repeater wp-block-button__link\" aria-label=\"\" href=\"#kontakt\" rel=\"follow noopener\" target=\"_self\" role=\"button\"><div class=\"uagb-button__link\">Contact<\/div><\/a><\/div><\/div>\n\n\n\n<div class=\"wp-block-uagb-buttons-child uagb-buttons__outer-wrap uagb-block-ca2f1a6b wp-block-button\"><div class=\"uagb-button__wrapper\"><a class=\"uagb-buttons-repeater wp-block-button__link\" aria-label=\"\" href=\"#fahrzeuge\" rel=\"follow noopener\" target=\"_self\" role=\"button\"><div class=\"uagb-button__link\">See available cars<\/div><\/a><\/div><\/div>\n<\/div><\/div>\n<\/div>\n<\/div><\/div>\n\n\n\r\n  <div class=\"container\">\r\n    <div id=\"fahrzeuge\" class=\"custom-section\">\r\n      <h3 class=\"custom-title\">Cars<\/h3>\r\n\r\n      <div class=\"custom-grid\">\r\n                  \r\n            \r\n            <article class=\"custom-box\">\r\n\r\n              <a href=\"https:\/\/onlinecars-erman.com\/en\/fahrzeug\/mercedes-vito-116-cdi\/\" class=\"custom-box-image-link\">\r\n                                  <img decoding=\"async\" class=\"custom-box-image\" src=\"https:\/\/onlinecars-erman.com\/wp-content\/uploads\/2026\/02\/2018_Mercedes-Benz_Vito_119_Sport_Bluetec_Automatic_2.1_Front-1024x538.jpg\" alt=\"Mercedes Vito 116 CDI\">\r\n                              <\/a>\r\n\r\n              <div class=\"custom-box-body\">\r\n\r\n                <h4 class=\"custom-box-title\">\r\n                  <a href=\"https:\/\/onlinecars-erman.com\/en\/fahrzeug\/mercedes-vito-116-cdi\/\">\r\n                    Mercedes Vito 116 CDI                  <\/a>\r\n                <\/h4>\r\n\r\n                <div class=\"custom-box-meta-section\">\r\n                                        <div class=\"custom-box-meta-field\">\r\n                        Automatic                      <\/div>\r\n                                          <div class=\"custom-box-meta-field\">\r\n                        Diesel                      <\/div>\r\n                                          <div class=\"custom-box-meta-field\">\r\n                        32.211 km                      <\/div>\r\n                                          <div class=\"custom-box-meta-field\">\r\n                        01\/2024                      <\/div>\r\n                                    <\/div>\r\n\r\n              <\/div>\r\n\r\n              <div class=\"custom-box-bottom\">\r\n\r\n                <div class=\"custom-box-price\">\r\n                                      31.222\u20ac                                  <\/div>\r\n\r\n                <div class=\"custom-box-button\">\r\n                  <a href=\"https:\/\/onlinecars-erman.com\/en\/fahrzeug\/mercedes-vito-116-cdi\/\">\r\n                    More\r\n                  <\/a>\r\n                <\/div>\r\n\r\n              <\/div>\r\n\r\n            <\/article>\r\n\r\n          \r\n            \r\n            <article class=\"custom-box\">\r\n\r\n              <a href=\"https:\/\/onlinecars-erman.com\/en\/fahrzeug\/volkswagen-golf-1-5-tsi\/\" class=\"custom-box-image-link\">\r\n                                  <img decoding=\"async\" class=\"custom-box-image\" src=\"https:\/\/onlinecars-erman.com\/wp-content\/uploads\/2026\/02\/Original-37709-GolfHatchRLine004-1920x960-1-1024x512.jpg\" alt=\"Volkswagen Golf 1.5 TSI\">\r\n                              <\/a>\r\n\r\n              <div class=\"custom-box-body\">\r\n\r\n                <h4 class=\"custom-box-title\">\r\n                  <a href=\"https:\/\/onlinecars-erman.com\/en\/fahrzeug\/volkswagen-golf-1-5-tsi\/\">\r\n                    Volkswagen Golf 1.5 TSI                  <\/a>\r\n                <\/h4>\r\n\r\n                <div class=\"custom-box-meta-section\">\r\n                                        <div class=\"custom-box-meta-field\">\r\n                        110 kW (150 PS)                      <\/div>\r\n                                          <div class=\"custom-box-meta-field\">\r\n                        Manual                      <\/div>\r\n                                          <div class=\"custom-box-meta-field\">\r\n                        Benzin                      <\/div>\r\n                                          <div class=\"custom-box-meta-field\">\r\n                        56.300 km                      <\/div>\r\n                                          <div class=\"custom-box-meta-field\">\r\n                        09\/2020                      <\/div>\r\n                                    <\/div>\r\n\r\n              <\/div>\r\n\r\n              <div class=\"custom-box-bottom\">\r\n\r\n                <div class=\"custom-box-price\">\r\n                                      17.950\u20ac                                  <\/div>\r\n\r\n                <div class=\"custom-box-button\">\r\n                  <a href=\"https:\/\/onlinecars-erman.com\/en\/fahrzeug\/volkswagen-golf-1-5-tsi\/\">\r\n                    More\r\n                  <\/a>\r\n                <\/div>\r\n\r\n              <\/div>\r\n\r\n            <\/article>\r\n\r\n          \r\n            \r\n            <article class=\"custom-box\">\r\n\r\n              <a href=\"https:\/\/onlinecars-erman.com\/en\/fahrzeug\/audi-q5-45-tfsi\/\" class=\"custom-box-image-link\">\r\n                                  <img decoding=\"async\" class=\"custom-box-image\" src=\"https:\/\/onlinecars-erman.com\/wp-content\/uploads\/2026\/02\/2025-audi-q5-front-angle-view-ak-1024x683.webp\" alt=\"Audi Q5 45 TFSI\">\r\n                              <\/a>\r\n\r\n              <div class=\"custom-box-body\">\r\n\r\n                <h4 class=\"custom-box-title\">\r\n                  <a href=\"https:\/\/onlinecars-erman.com\/en\/fahrzeug\/audi-q5-45-tfsi\/\">\r\n                    Audi Q5 45 TFSI                  <\/a>\r\n                <\/h4>\r\n\r\n                <div class=\"custom-box-meta-section\">\r\n                                        <div class=\"custom-box-meta-field\">\r\n                        195 kW (265 PS)                      <\/div>\r\n                                          <div class=\"custom-box-meta-field\">\r\n                        Automatic                      <\/div>\r\n                                          <div class=\"custom-box-meta-field\">\r\n                        2.0 Benzin Turbo                      <\/div>\r\n                                          <div class=\"custom-box-meta-field\">\r\n                        41.200 km                      <\/div>\r\n                                          <div class=\"custom-box-meta-field\">\r\n                        03\/2021                      <\/div>\r\n                                    <\/div>\r\n\r\n              <\/div>\r\n\r\n              <div class=\"custom-box-bottom\">\r\n\r\n                <div class=\"custom-box-price\">\r\n                                      34.800\u20ac                                  <\/div>\r\n\r\n                <div class=\"custom-box-button\">\r\n                  <a href=\"https:\/\/onlinecars-erman.com\/en\/fahrzeug\/audi-q5-45-tfsi\/\">\r\n                    More\r\n                  <\/a>\r\n                <\/div>\r\n\r\n              <\/div>\r\n\r\n            <\/article>\r\n\r\n          \r\n            \r\n            <article class=\"custom-box\">\r\n\r\n              <a href=\"https:\/\/onlinecars-erman.com\/en\/fahrzeug\/bmw-320d-touring\/\" class=\"custom-box-image-link\">\r\n                                  <img decoding=\"async\" class=\"custom-box-image\" src=\"https:\/\/onlinecars-erman.com\/wp-content\/uploads\/2026\/02\/01_23-1024x577.webp\" alt=\"BMW 320d Touring\">\r\n                              <\/a>\r\n\r\n              <div class=\"custom-box-body\">\r\n\r\n                <h4 class=\"custom-box-title\">\r\n                  <a href=\"https:\/\/onlinecars-erman.com\/en\/fahrzeug\/bmw-320d-touring\/\">\r\n                    BMW 320d Touring                  <\/a>\r\n                <\/h4>\r\n\r\n                <div class=\"custom-box-meta-section\">\r\n                                        <div class=\"custom-box-meta-field\">\r\n                        140 kW (190 PS)                      <\/div>\r\n                                          <div class=\"custom-box-meta-field\">\r\n                        Automatic                      <\/div>\r\n                                          <div class=\"custom-box-meta-field\">\r\n                        2.0 Diesel                      <\/div>\r\n                                          <div class=\"custom-box-meta-field\">\r\n                        84.200 km                      <\/div>\r\n                                          <div class=\"custom-box-meta-field\">\r\n                        05\/2019                      <\/div>\r\n                                    <\/div>\r\n\r\n              <\/div>\r\n\r\n              <div class=\"custom-box-bottom\">\r\n\r\n                <div class=\"custom-box-price\">\r\n                                      21.900\u20ac                                  <\/div>\r\n\r\n                <div class=\"custom-box-button\">\r\n                  <a href=\"https:\/\/onlinecars-erman.com\/en\/fahrzeug\/bmw-320d-touring\/\">\r\n                    More\r\n                  <\/a>\r\n                <\/div>\r\n\r\n              <\/div>\r\n\r\n            <\/article>\r\n\r\n                        <\/div>\r\n\r\n    <\/div>\r\n  <\/div>\r\n\r\n  \n\n\n\n<div class=\"wp-block-uagb-container uag-hide-desktop uag-hide-tab uag-hide-mob uagb-block-dc813353 alignfull uagb-is-root-container\"><div class=\"uagb-container-inner-blocks-wrap\">\n<div class=\"wp-block-uagb-container uagb-block-859837b8 alignfull uagb-is-root-container\"><div class=\"uagb-container-inner-blocks-wrap\">\n<div class=\"wp-block-uagb-container uagb-block-43ef8750\">\n<div class=\"wp-block-uagb-advanced-heading uagb-block-f41c4e0a\"><h2 class=\"uagb-heading-text\">KONTAKT<\/h2><\/div>\n\n\n\n<div class=\"wp-block-uagb-separator uagb-block-abafc619\"><div class=\"uagb-separator-spacing-wrapper\"><div class=\"wp-block-uagb-separator__inner\" style=\"--my-background-image:\"><\/div><\/div><\/div>\n\n\n\n<div class=\"wp-block-uagb-icon-list uagb-block-7feaf958\"><div class=\"uagb-icon-list__wrap\">\n<div class=\"wp-block-uagb-icon-list-child uagb-block-695cb77c\"><span class=\"uagb-icon-list__source-wrap\"><svg xmlns=\"https:\/\/www.w3.org\/2000\/svg\" viewbox=\"0 0 384 512\"><path d=\"M168.3 499.2C116.1 435 0 279.4 0 192C0 85.96 85.96 0 192 0C298 0 384 85.96 384 192C384 279.4 267 435 215.7 499.2C203.4 514.5 180.6 514.5 168.3 499.2H168.3zM192 256C227.3 256 256 227.3 256 192C256 156.7 227.3 128 192 128C156.7 128 128 156.7 128 192C128 227.3 156.7 256 192 256z\"><\/path><\/svg><\/span><span class=\"uagb-icon-list__label\">Eggenberger Stra\u00dfe 46<br>8020 Graz, \u00d6sterreich<\/span><\/div>\n\n\n\n<div class=\"wp-block-uagb-icon-list-child uagb-block-7d481345\"><span class=\"uagb-icon-list__source-wrap\"><svg xmlns=\"https:\/\/www.w3.org\/2000\/svg\" viewbox=\"0 0 512 512\"><path d=\"M464 64C490.5 64 512 85.49 512 112C512 127.1 504.9 141.3 492.8 150.4L275.2 313.6C263.8 322.1 248.2 322.1 236.8 313.6L19.2 150.4C7.113 141.3 0 127.1 0 112C0 85.49 21.49 64 48 64H464zM217.6 339.2C240.4 356.3 271.6 356.3 294.4 339.2L512 176V384C512 419.3 483.3 448 448 448H64C28.65 448 0 419.3 0 384V176L217.6 339.2z\"><\/path><\/svg><\/span><span class=\"uagb-icon-list__label\">onlinecarsbyerman@gmail.com<\/span><\/div>\n\n\n\n<div class=\"wp-block-uagb-icon-list-child uagb-block-00d27100\"><span class=\"uagb-icon-list__source-wrap\"><svg xmlns=\"https:\/\/www.w3.org\/2000\/svg\" viewbox=\"0 0 512 512\"><path d=\"M511.2 387l-23.25 100.8c-3.266 14.25-15.79 24.22-30.46 24.22C205.2 512 0 306.8 0 54.5c0-14.66 9.969-27.2 24.22-30.45l100.8-23.25C139.7-2.602 154.7 5.018 160.8 18.92l46.52 108.5c5.438 12.78 1.77 27.67-8.98 36.45L144.5 207.1c33.98 69.22 90.26 125.5 159.5 159.5l44.08-53.8c8.688-10.78 23.69-14.51 36.47-8.975l108.5 46.51C506.1 357.2 514.6 372.4 511.2 387z\"><\/path><\/svg><\/span><span class=\"uagb-icon-list__label\">+43 660 8506513<\/span><\/div>\n<\/div><\/div>\n\n\n\n<div class=\"wp-block-uagb-buttons uagb-buttons__outer-wrap uagb-btn__default-btn uagb-btn-tablet__default-btn uagb-btn-mobile__default-btn uagb-block-86a9000c\"><div class=\"uagb-buttons__wrap uagb-buttons-layout-wrap\">\n<div class=\"wp-block-uagb-buttons-child uagb-buttons__outer-wrap uagb-block-96f46d21 wp-block-button\"><div class=\"uagb-button__wrapper\"><a class=\"uagb-buttons-repeater wp-block-button__link\" aria-label=\"\" href=\"tel:+43 660 8506513\" rel=\"follow noopener\" target=\"_self\" role=\"button\"><div class=\"uagb-button__link\">Call<\/div><\/a><\/div><\/div>\n\n\n\n<div class=\"wp-block-uagb-buttons-child uagb-buttons__outer-wrap uagb-block-7542a19c wp-block-button\"><div class=\"uagb-button__wrapper\"><a class=\"uagb-buttons-repeater wp-block-button__link\" aria-label=\"\" href=\"mailto:onlinecarsbyerman@gmail.com\" rel=\"follow noopener\" target=\"_self\" role=\"button\"><div class=\"uagb-button__link\">Send an Email<\/div><\/a><\/div><\/div>\n<\/div><\/div>\n<\/div>\n\n\n\n<div class=\"wp-block-uagb-container uagb-block-f46090f8\">\t\t\t<div \n\t\t\tclass=\"wp-block-uagb-google-map uagb-google-map__wrap uagb-block-7e2d1c87\"\n\t\t\tstyle=\"\" >\n\t\t\t\t<embed\n\t\t\t\t\tclass=\"uagb-google-map__iframe\"\n\t\t\t\t\ttitle=\"Google Map for \"\n\t\t\t\t\tsrc=\"https:\/\/maps.google.com\/maps?q=Eggenberger%20Str.%2046%2C%20Graz&#038;z=12&#038;hl=de&#038;t=m&#038;output=embed&#038;iwloc=near\"\n\t\t\t\t\twidth=\"640\"\n\t\t\t\t\theight=\"400\"\n\t\t\t\t\tloading=\"lazy\"\n\t\t\t\t><\/embed>\n\t\t\t<\/div>\n\t\t\t<\/div>\n<\/div><\/div>\n<\/div><\/div>\n\n\n\n<div id=\"kontakt\" class=\"wp-block-uagb-container uagb-block-1e403472 alignfull uagb-is-root-container\"><div class=\"uagb-container-inner-blocks-wrap\">\n<div class=\"wp-block-uagb-advanced-heading uagb-block-c6f0bd31\"><h2 class=\"uagb-heading-text\">Contact<\/h2><\/div>\n\n\n\n<p class=\"kontakt-seo-text\" style=\"font-size:17px\">OnlineCars by Erman professionally supports you with vehicle sales in Graz. We handle presentation, negotiations, and the complete sales process \u2013 fully managed for only <strong>5% commission.<\/strong> Contact us for a free, no-obligation consultation.<\/p>\n\n\n\n<div class=\"wp-block-uagb-container uagb-block-206e21c1 alignfull uagb-is-root-container\"><div class=\"uagb-container-inner-blocks-wrap\">\n<div class=\"wp-block-uagb-container uagb-block-a602ba05\">\n<div class=\"wp-block-uagb-icon-list uagb-block-bae400a5\"><div class=\"uagb-icon-list__wrap\">\n<div class=\"wp-block-uagb-icon-list-child uagb-block-4a0f11c1\"><span class=\"uagb-icon-list__source-wrap\"><svg xmlns=\"https:\/\/www.w3.org\/2000\/svg\" viewbox=\"0 0 512 512\"><path d=\"M464 64C490.5 64 512 85.49 512 112C512 127.1 504.9 141.3 492.8 150.4L275.2 313.6C263.8 322.1 248.2 322.1 236.8 313.6L19.2 150.4C7.113 141.3 0 127.1 0 112C0 85.49 21.49 64 48 64H464zM217.6 339.2C240.4 356.3 271.6 356.3 294.4 339.2L512 176V384C512 419.3 483.3 448 448 448H64C28.65 448 0 419.3 0 384V176L217.6 339.2z\"><\/path><\/svg><\/span><span class=\"uagb-icon-list__label\">onlinecarsbyerman@gmail.com<\/span><\/div>\n<\/div><\/div>\n\n\n\n<div class=\"wp-block-uagb-buttons uagb-buttons__outer-wrap uagb-btn__default-btn uagb-btn-tablet__default-btn uagb-btn-mobile__default-btn uagb-block-aff8e8e6\"><div class=\"uagb-buttons__wrap uagb-buttons-layout-wrap\">\n<div class=\"wp-block-uagb-buttons-child uagb-buttons__outer-wrap uagb-block-511941dc wp-block-button\"><div class=\"uagb-button__wrapper\"><a class=\"uagb-buttons-repeater wp-block-button__link\" aria-label=\"\" href=\"mailto:onlinecarsbyerman@gmail.com\" rel=\"follow noopener\" target=\"_self\" role=\"button\"><div class=\"uagb-button__link\">Send an Email<\/div><\/a><\/div><\/div>\n<\/div><\/div>\n<\/div>\n\n\n\n<div class=\"wp-block-uagb-container uagb-block-3a94a76b\">\n<div class=\"wp-block-uagb-icon-list uagb-block-ccf69712\"><div class=\"uagb-icon-list__wrap\">\n<div class=\"wp-block-uagb-icon-list-child uagb-block-c69d35e1\"><span class=\"uagb-icon-list__source-wrap\"><svg xmlns=\"https:\/\/www.w3.org\/2000\/svg\" viewbox=\"0 0 512 512\"><path d=\"M511.2 387l-23.25 100.8c-3.266 14.25-15.79 24.22-30.46 24.22C205.2 512 0 306.8 0 54.5c0-14.66 9.969-27.2 24.22-30.45l100.8-23.25C139.7-2.602 154.7 5.018 160.8 18.92l46.52 108.5c5.438 12.78 1.77 27.67-8.98 36.45L144.5 207.1c33.98 69.22 90.26 125.5 159.5 159.5l44.08-53.8c8.688-10.78 23.69-14.51 36.47-8.975l108.5 46.51C506.1 357.2 514.6 372.4 511.2 387z\"><\/path><\/svg><\/span><span class=\"uagb-icon-list__label\">+43 660 8506513<\/span><\/div>\n<\/div><\/div>\n\n\n\n<div class=\"wp-block-uagb-buttons uagb-buttons__outer-wrap uagb-btn__default-btn uagb-btn-tablet__default-btn uagb-btn-mobile__default-btn uagb-block-17b3a46e\"><div class=\"uagb-buttons__wrap uagb-buttons-layout-wrap\">\n<div class=\"wp-block-uagb-buttons-child uagb-buttons__outer-wrap uagb-block-8e7e5c1b wp-block-button\"><div class=\"uagb-button__wrapper\"><a class=\"uagb-buttons-repeater wp-block-button__link\" aria-label=\"\" href=\"tel:+43 660 8506513\" rel=\"follow noopener\" target=\"_self\" role=\"button\"><div class=\"uagb-button__link\">Call<\/div><\/a><\/div><\/div>\n<\/div><\/div>\n<\/div>\n<\/div><\/div>\n<\/div><\/div>","protected":false},"excerpt":{"rendered":"<p>ONLINE CARS BY ERMAN Ihr zuverl\u00e4ssiger Partner in Graz f\u00fcr hochwertige Gebrauchtwagen mit gepr\u00fcfter Qualit\u00e4t und fairen Preisen. Sie m\u00f6chten Ihr Auto verkaufen? Wir \u00fcbernehmen die komplette Vermittlung \u2013 transparent und fair mit nur 5 % Provision. KONTAKT Kontakt OnlineCars by Erman unterst\u00fctzt Sie professionell bei der Fahrzeugvermittlung in Graz. Wir \u00fcbernehmen Pr\u00e4sentation, Verhandlungen und&hellip;&nbsp;<a href=\"https:\/\/onlinecars-erman.com\/en\/fahrzeug\/bmw-320d-touring\/\" rel=\"bookmark\"><span class=\"screen-reader-text\">BMW 320d Touring<\/span><\/a><\/p>","protected":false},"author":1,"featured_media":0,"parent":0,"menu_order":0,"comment_status":"closed","ping_status":"closed","template":"page-templates\/template-pagebuilder-full-width.php","meta":{"_uag_custom_page_level_css":"","neve_meta_sidebar":"","neve_meta_container":"","neve_meta_enable_content_width":"","neve_meta_content_width":0,"neve_meta_title_alignment":"","neve_meta_author_avatar":"","neve_post_elements_order":"","neve_meta_disable_header":"","neve_meta_disable_footer":"","neve_meta_disable_title":"","neve_meta_reading_time":"","footnotes":""},"class_list":["post-24","page","type-page","status-publish","hentry"],"uagb_featured_image_src":{"full":false,"thumbnail":false,"medium":false,"medium_large":false,"large":false,"1536x1536":false,"2048x2048":false,"trp-custom-language-flag":false,"neve-blog":false},"uagb_author_info":{"display_name":"marko453","author_link":"https:\/\/onlinecars-erman.com\/en\/author\/marko453\/"},"uagb_comment_info":0,"uagb_excerpt":"ONLINE CARS BY ERMAN Ihr zuverl\u00e4ssiger Partner in Graz f\u00fcr hochwertige Gebrauchtwagen mit gepr\u00fcfter Qualit\u00e4t und fairen Preisen. Sie m\u00f6chten Ihr Auto verkaufen? Wir \u00fcbernehmen die komplette Vermittlung \u2013 transparent und fair mit nur 5 % Provision. KONTAKT Kontakt OnlineCars by Erman unterst\u00fctzt Sie professionell bei der Fahrzeugvermittlung in Graz. Wir \u00fcbernehmen Pr\u00e4sentation, Verhandlungen und&hellip;&nbsp;BMW&hellip;","meta_box":[],"_links":{"self":[{"href":"https:\/\/onlinecars-erman.com\/en\/wp-json\/wp\/v2\/pages\/24","targetHints":{"allow":["GET"]}}],"collection":[{"href":"https:\/\/onlinecars-erman.com\/en\/wp-json\/wp\/v2\/pages"}],"about":[{"href":"https:\/\/onlinecars-erman.com\/en\/wp-json\/wp\/v2\/types\/page"}],"author":[{"embeddable":true,"href":"https:\/\/onlinecars-erman.com\/en\/wp-json\/wp\/v2\/users\/1"}],"replies":[{"embeddable":true,"href":"https:\/\/onlinecars-erman.com\/en\/wp-json\/wp\/v2\/comments?post=24"}],"version-history":[{"count":91,"href":"https:\/\/onlinecars-erman.com\/en\/wp-json\/wp\/v2\/pages\/24\/revisions"}],"predecessor-version":[{"id":262,"href":"https:\/\/onlinecars-erman.com\/en\/wp-json\/wp\/v2\/pages\/24\/revisions\/262"}],"wp:attachment":[{"href":"https:\/\/onlinecars-erman.com\/en\/wp-json\/wp\/v2\/media?parent=24"}],"curies":[{"name":"wp","href":"https:\/\/api.w.org\/{rel}","templated":true}]}}