{"id":168,"date":"2026-02-12T15:50:57","date_gmt":"2026-02-12T15:50:57","guid":{"rendered":"https:\/\/onlinecars-erman.com\/?page_id=168"},"modified":"2026-02-12T17:20:22","modified_gmt":"2026-02-12T17:20:22","slug":"impressum","status":"publish","type":"page","link":"https:\/\/onlinecars-erman.com\/en\/impressum\/","title":{"rendered":"Imprint"},"content":{"rendered":"<div class=\"wp-block-uagb-container uagb-block-1e403472 alignfull uagb-is-root-container\"><div class=\"uagb-container-inner-blocks-wrap\">\n<div class=\"wp-block-uagb-advanced-heading uagb-block-c6f0bd31\"><h2 class=\"uagb-heading-text\">Imprint<\/h2><\/div>\n\n\n\n<div class=\"wp-block-uagb-advanced-heading uagb-block-aa591607 custom-text-page\"><p class=\"uagb-heading-text\">Website Operator:<br><strong>G\u00fcng\u00f6r Erman<\/strong><br><br>Eggenberger Stra\u00dfe 46<br>8020 Graz<br>\u00d6sterreich<br><br>Email <strong>onlinecarsbyerman@gmail.com<\/strong><br>Phone <strong>+43 660 8506513<\/strong><\/p><\/div>\n<\/div><\/div>","protected":false},"excerpt":{"rendered":"<p>Impressum Website-Betreiber:G\u00fcng\u00f6r Erman Eggenberger Stra\u00dfe 468020 Graz\u00d6sterreich E-Mail: onlinecarsbyerman@gmail.comTelefon: +43 660 8506513<\/p>","protected":false},"author":1,"featured_media":0,"parent":0,"menu_order":0,"comment_status":"closed","ping_status":"closed","template":"page-templates\/template-pagebuilder-full-width.php","meta":{"_uag_custom_page_level_css":"","neve_meta_sidebar":"","neve_meta_container":"","neve_meta_enable_content_width":"","neve_meta_content_width":0,"neve_meta_title_alignment":"","neve_meta_author_avatar":"","neve_post_elements_order":"","neve_meta_disable_header":"","neve_meta_disable_footer":"","neve_meta_disable_title":"","neve_meta_reading_time":"","footnotes":""},"class_list":["post-168","page","type-page","status-publish","hentry"],"uagb_featured_image_src":{"full":false,"thumbnail":false,"medium":false,"medium_large":false,"large":false,"1536x1536":false,"2048x2048":false,"trp-custom-language-flag":false,"neve-blog":false},"uagb_author_info":{"display_name":"marko453","author_link":"https:\/\/onlinecars-erman.com\/en\/author\/marko453\/"},"uagb_comment_info":0,"uagb_excerpt":"Impressum Website-Betreiber:G\u00fcng\u00f6r Erman Eggenberger Stra\u00dfe 468020 Graz\u00d6sterreich E-Mail: onlinecarsbyerman@gmail.comTelefon: +43 660 8506513","meta_box":[],"_links":{"self":[{"href":"https:\/\/onlinecars-erman.com\/en\/wp-json\/wp\/v2\/pages\/168","targetHints":{"allow":["GET"]}}],"collection":[{"href":"https:\/\/onlinecars-erman.com\/en\/wp-json\/wp\/v2\/pages"}],"about":[{"href":"https:\/\/onlinecars-erman.com\/en\/wp-json\/wp\/v2\/types\/page"}],"author":[{"embeddable":true,"href":"https:\/\/onlinecars-erman.com\/en\/wp-json\/wp\/v2\/users\/1"}],"replies":[{"embeddable":true,"href":"https:\/\/onlinecars-erman.com\/en\/wp-json\/wp\/v2\/comments?post=168"}],"version-history":[{"count":2,"href":"https:\/\/onlinecars-erman.com\/en\/wp-json\/wp\/v2\/pages\/168\/revisions"}],"predecessor-version":[{"id":214,"href":"https:\/\/onlinecars-erman.com\/en\/wp-json\/wp\/v2\/pages\/168\/revisions\/214"}],"wp:attachment":[{"href":"https:\/\/onlinecars-erman.com\/en\/wp-json\/wp\/v2\/media?parent=168"}],"curies":[{"name":"wp","href":"https:\/\/api.w.org\/{rel}","templated":true}]}}